{"id":22,"date":"2014-02-10T14:46:27","date_gmt":"2014-02-10T12:46:27","guid":{"rendered":"http:\/\/www.babsys.de\/?page_id=22"},"modified":"2014-02-28T14:11:40","modified_gmt":"2014-02-28T12:11:40","slug":"events","status":"publish","type":"page","link":"https:\/\/www.babsys.de\/?page_id=22","title":{"rendered":"Events"},"content":{"rendered":"<p><a href=\"http:\/\/www.babsys.de\/wp-content\/uploads\/2014\/02\/event_full.jpg\"><img loading=\"lazy\" decoding=\"async\" class=\"alignright size-medium wp-image-77\" alt=\"Events full\" src=\"http:\/\/www.babsys.de\/wp-content\/uploads\/2014\/02\/event_full-300x300.jpg\" width=\"300\" height=\"300\" srcset=\"https:\/\/www.babsys.de\/wp-content\/uploads\/2014\/02\/event_full-300x300.jpg 300w, https:\/\/www.babsys.de\/wp-content\/uploads\/2014\/02\/event_full-150x150.jpg 150w, https:\/\/www.babsys.de\/wp-content\/uploads\/2014\/02\/event_full-1024x1024.jpg 1024w, https:\/\/www.babsys.de\/wp-content\/uploads\/2014\/02\/event_full.jpg 1386w\" sizes=\"auto, (max-width: 300px) 100vw, 300px\" \/><\/a>F\u00fcr Ihre Feste und Feierlichkeiten.<\/p>\n<p>Blumen verzieren jede Veranstaltung. Mit unseren speziell f\u00fcr Sie und mit Ihnen abgestimmten Floralen Arrangements, f\u00fcr Tisch, Buffet, Pulte, B\u00fchnen, &#8230; machen Sie Ihr Fest oder Event zu einem aussergew\u00f6hnlichen Erlebnis.<\/p>\n<p>Individuelle Beratung direkt vor Ort um ein speziell f\u00fcr Sie abgestimmtes Gesamtkonzept zu erstellen und die R\u00e4umlichkeiten perfekt zu gestalten.<\/p>\n","protected":false},"excerpt":{"rendered":"<p>F\u00fcr Ihre Feste und Feierlichkeiten. Blumen verzieren jede Veranstaltung. Mit unseren speziell f\u00fcr Sie und mit Ihnen abgestimmten Floralen Arrangements, f\u00fcr Tisch, Buffet, Pulte, B\u00fchnen, &#8230; machen Sie Ihr Fest oder Event zu einem aussergew\u00f6hnlichen Erlebnis. Individuelle Beratung direkt vor Ort um ein speziell f\u00fcr Sie abgestimmtes Gesamtkonzept zu erstellen und die R\u00e4umlichkeiten perfekt zu [&hellip;]<\/p>\n","protected":false},"author":1,"featured_media":0,"parent":12,"menu_order":0,"comment_status":"open","ping_status":"open","template":"","meta":{"footnotes":""},"class_list":["post-22","page","type-page","status-publish"],"_links":{"self":[{"href":"https:\/\/www.babsys.de\/index.php?rest_route=\/wp\/v2\/pages\/22","targetHints":{"allow":["GET"]}}],"collection":[{"href":"https:\/\/www.babsys.de\/index.php?rest_route=\/wp\/v2\/pages"}],"about":[{"href":"https:\/\/www.babsys.de\/index.php?rest_route=\/wp\/v2\/types\/page"}],"author":[{"embeddable":true,"href":"https:\/\/www.babsys.de\/index.php?rest_route=\/wp\/v2\/users\/1"}],"replies":[{"embeddable":true,"href":"https:\/\/www.babsys.de\/index.php?rest_route=%2Fwp%2Fv2%2Fcomments&post=22"}],"version-history":[{"count":4,"href":"https:\/\/www.babsys.de\/index.php?rest_route=\/wp\/v2\/pages\/22\/revisions"}],"predecessor-version":[{"id":92,"href":"https:\/\/www.babsys.de\/index.php?rest_route=\/wp\/v2\/pages\/22\/revisions\/92"}],"up":[{"embeddable":true,"href":"https:\/\/www.babsys.de\/index.php?rest_route=\/wp\/v2\/pages\/12"}],"wp:attachment":[{"href":"https:\/\/www.babsys.de\/index.php?rest_route=%2Fwp%2Fv2%2Fmedia&parent=22"}],"curies":[{"name":"wp","href":"https:\/\/api.w.org\/{rel}","templated":true}]}}