{"id":273,"date":"2015-02-24T11:27:06","date_gmt":"2015-02-24T09:27:06","guid":{"rendered":"http:\/\/www.babsys.de\/?page_id=273"},"modified":"2024-12-18T12:52:25","modified_gmt":"2024-12-18T10:52:25","slug":"oeffnungszeiten","status":"publish","type":"page","link":"https:\/\/www.babsys.de\/?page_id=273","title":{"rendered":"\u00d6ffnungszeiten"},"content":{"rendered":"<p><strong>\u00d6ffnungszeiten &amp; <span style=\"color: #99cc00;\">Sonder\u00f6ffnungszeiten<\/span><\/strong><\/p>\n<p>Liebe Kundinnen und Kunden,<\/p>\n<p>aus betrieblichen Gr\u00fcnden haben sich, <strong>ab dem 01.01.2024, unsere \u00d6ffnungszeiten f\u00fcr Mittwochs<\/strong> ge\u00e4ndert. Andere Tage und Sonder\u00f6ffnungszeiten bleiben bestehen oder werden entsprechend angek\u00fcndigt.<\/p>\n<p>Gerne k\u00f6nnen Sie bei uns Ihre Blumen, Pflanzen und Dekoration auch <a href=\"http:\/\/www.babsys.de\/?page_id=39\" target=\"_blank\" rel=\"noopener noreferrer\">vorbestellen.<\/a> Durch Ihre Vorbestellung sparen Sie Zeit und wir k\u00f6nnen sicherstellen das Ihre bestellte Ware vorr\u00e4tig ist. In unserem Gesch\u00e4ft gelten die aktuelle Coronaschutzverordnung und die Hygienevorschriften des Landes NRW. Diese finden Sie auf der Seite des <a href=\"http:\/\/www.nrw.de\" target=\"_blank\" rel=\"noreferrer noopener\">Land NRW.\u00a0<\/a><\/p>\n<h6><strong>\u00d6ffnungszeiten &amp;\u00a0<span style=\"color: #99cc00;\">Sonder\u00f6ffnungszeiten<\/span><\/strong><\/h6>\n<p>Montag von 08:00 &#8211; 18:00 Uhr <br \/>Dienstag von 08:00 &#8211; 18:00 Uhr<br \/>Mittwoch von 08:00 &#8211; 18:00 Uhr <em><strong>(ab dem 1.1.2024 von 08:00 &#8211; 1300 Uhr) <span style=\"color: #99cc00;\">!ggf. Sonder\u00f6ffnungszeiten!<\/span><\/strong><\/em><br \/>Donnerstag von 08:00 &#8211; 18:00 Uhr<br \/>Freitag von 08:00 &#8211; 18:00 Uhr<br \/>Samstag von 08:00 &#8211; 14:00 Uhr<br \/>Sonntag von 10:30 &#8211; 12:30 Uhr<\/p>\n<p><span style=\"color: #99cc00;\"><strong><span style=\"text-decoration: underline;\">Sonder\u00f6ffnungszeiten Weihnachten 2024<\/span><br \/><\/strong><\/span><span style=\"color: #99cc00;\"><strong><span style=\"caret-color: #ff0000;\">Samstag 21.12.2024 von 08:00 &#8211; 16:00 Uhr <br \/>Sonntag 22.12.2024 \u00a0von 10:00 &#8211; 14:00 Uhr <br \/>Montag 23.12.2024 \u00a0von 08:00 &#8211; 18:00 Uhr <br \/>Heiligabend (Dienstag) 24.12.2024 \u00a0von 08:00 &#8211; 13:00 Uhr <br \/>I. Weihnachtstag (Mitwoch) 25.12.2024 \u00a0von 10:30 &#8211; 12:30 Uhr <br \/>II. Weihnachtstag (Donnerstag) 26.12.2024 \u00a0geschlossen\u00a0<br \/><\/span><\/strong><\/span><\/p>\n<p>Wir w\u00fcnschen Ihnen frohe &amp; erholsame Weihnachtstage<br \/>Ihr Team von Babsy&#8217;s Blumen &amp; Floristik<\/p>\n<h6>*Bei Vorbestellungen erlauben wir uns, den Betrag per Vorkasse, PayPAL oder \u00dcberweisung zu kassieren.<\/h6>\n<h1 class=\"head\">Laden\u00f6ffnungszeiten in NRW<\/h1>\n<div>\n<p><strong>Laden\u00f6ffnungszeiten in NRW\/ soweit keine anderen Verordnungen gelten!<\/strong><br \/>Dieses Merkblatt erl\u00e4utert das Gesetz zur Regelung der Laden\u00f6ffnungszeiten in Nordrhein-Westfalen (L\u00d6G-NRW) und die Ausnahmen in der Verordnung zur Durchf\u00fchrung des Gesetzes (Laden\u00f6ffnungsVO). Eine bundeseinheitliche Regelung existiert seit der Aufhebung des Ladenschlussgesetzes im November 2006 nicht mehr.<\/p>\n<p><strong>Begriffsbestimmungen<\/strong><br \/>Die Rechtsprechung, die seinerzeit zum Bundesladenschlussgesetz entwickelt wurde, wird voraussichtlich in einigen Punkten fortgelten, da die neue Regelung bei verschiedenen Begriffsbestimmungen mit demselben Wortlaut arbeitet.<\/p>\n<p><strong>Verkaufsstellen<\/strong><br \/>Das Laden\u00f6ffnungsgesetz verwendet den Begriff der Verkaufsstellen. Verkaufsstellen sind Ladengesch\u00e4fte und sonstige Verkaufseinrichtungen, in denen von einer festen Stelle aus Waren zum Verkauf an jedermann angeboten werden. Erforderlich ist eine feste Errichtung, die sich zumindest f\u00fcr kurze Zeit aus einer Verbindung mit dem Boden ergibt. Es reicht aus, wenn die Verbindung mit dem Boden durch das Gewicht zustande kommt.<\/p>\n<p>Keine Verkaufsstellen in diesem Sinne sind<\/p>\n<ul class=\"rte--list\">\n<li>Dienstleistungsbetriebe wie etwa Reiseb\u00fcros oder Reparaturstellen, da keine Waren angeboten werden.<\/li>\n<li>Gast- und Speisewirtschaften, da die Waren nicht zur Mitnahme, sondern zum Verzehr an Ort und Stelle angeboten werden.<\/li>\n<li>Tische und Handwagen, da es an einer Verbindung mit dem Boden fehlt.<\/li>\n<li>Reine Gro\u00dfhandelsbetriebe, da kein Verkauf an jedermann erfolgt. Der Zugang muss in geeigneter Weise kontrolliert werden.<\/li>\n<li>Geschlossene Veranstaltungen, da kein Verkauf an jedermann erfolgt.<br \/>Eine geschlossene Veranstaltung liegt vor, wenn nur ein genau abgegrenzter Personenkreis Einlass erh\u00e4lt, zum Beispiel Betriebsangeh\u00f6rige zur Betriebskantine. Eine geschlossene Veranstaltung liegt nicht vor, wenn zwar nur Besitzer von Eintrittskarten Zutritt haben, eine Einlasskarte aber von jedermann erworben werden kann.<\/li>\n<\/ul>\n<p><strong>Feiertage<\/strong><br \/>Welche Tage als Feiertage gelten ist gesetzlich f\u00fcr NRW festgelegt: Neujahr, Karfreitag, Ostermontag, Maifeiertag, Christi Himmelfahrt, Pfingstmontag, Fronleichnam, Tag der deutschen Einheit, Allerheiligen, 1. Weihnachtstag und 2. Weihnachtstag<\/p>\n<p><strong>Laden\u00f6ffnungszeiten<\/strong><br \/>F\u00fcr die Verkaufsstellen gibt es keine Einschr\u00e4nkung der \u00d6ffnungszeiten von Montag bis Freitag. Am Samstag kann von 00:00 Uhr bis 22:00 Uhr ge\u00f6ffnet werden. Es besteht allerdings die M\u00f6glichkeit, an vier Samstagen im Jahr bis 24:00 Uhr zu \u00f6ffnen f\u00fcr Events wie z. B. &#8222;Late Night-Shopping&#8220;. Hierf\u00fcr ist nur die schriftliche Anzeige bei der \u00f6rtlichen Ordnungsbeh\u00f6rde notwendig. Diese ist genehmigt, wenn zwei Wochen nach Anzeige, kein Widerspruch von der Ordnungsbeh\u00f6rde eingelegt wurde.<\/p>\n<p>Ansonsten ist an Sonn- und Feiertagen das gewerbliche Anbieten von Waren an jedermann au\u00dferhalb von Verkaufsstellen im Grundsatz verboten.<\/p>\n<p>Am 24. Dezember d\u00fcrfen Verkaufsstellen an Werktagen bis 14:00 Uhr ge\u00f6ffnet sein. F\u00e4llt der 24. Dezember auf einen Sonntag, k\u00f6nnen Verkaufsstellen, die \u00fcberwiegend Lebens- und Genussmittel anbieten sowie Verkaufsstellen zur Abgabe von Weihnachtsb\u00e4umen von 10:00 bis 14:00 Uhr ge\u00f6ffnet werden. F\u00fcr Volksfeste, Messen, M\u00e4rkte und Ausstellungen gelten weiterhin besondere Ausnahmen nach der Gewerbeordnung.<\/p>\n<p>Die Freigabe eines verkaufsoffenen Sonntages f\u00fcr den 1. Mai oder den 3. Oktober ist immer unzul\u00e4ssig.<\/p>\n<p><span style=\"color: #ff0000;\"><strong>Sonderregelungen f\u00fcr Verkauf an Sonn- u. Feiertagen<\/strong><\/span><br \/><span style=\"color: #ff0000;\"><strong>Unter anderem in den folgenden Konstellationen ist der Verkauf in und au\u00dferhalb von Verkaufsstellen auch an Sonn- und Feiertagen m\u00f6glich:<\/strong><\/span><\/p>\n<ul class=\"rte--list\">\n<li><span style=\"color: #ff0000;\"><strong>Gewerbliche Anbieter, deren Angebot \u00fcberwiegend aus Blumen, Pflanzen, Zeitungen, Zeitschriften, Back- oder Konditorwaren besteht: \u00d6ffnung f\u00fcr f\u00fcnf Stunden m\u00f6glich, dabei ist R\u00fccksicht auf die Zeit des Hauptgottesdienstes zu nehmen. Die \u00d6ffnung ist\u00a0nicht\u00a0zul\u00e4ssig am 2. Weihnachtstag, Ostermontag und Pfingstmontag; wenn eine \u00d6ffnung an Sonntagen erfolgt, ist auf die Zeiten deutlich sichtbar hinzuweisen;<\/strong><\/span><\/li>\n<li>themenbezogene Waren oder Waren zum sofortigen Verzehr auf dem Gel\u00e4nde oder im Geb\u00e4ude einer Kultur- oder Sportveranstaltung oder in einem Museum: \u00d6ffnung w\u00e4hrend der Veranstaltungs- und \u00d6ffnungsdauer; wenn eine \u00d6ffnung erfolgt, ist auf die Zeiten deutlich sichtbar hinzuweisen;<\/li>\n<li>leicht verderbliche Waren und Waren zum sofortigen Verzehr: Angebot au\u00dferhalb von Verkaufsstellen m\u00f6glich;<\/li>\n<li>Apotheken: \u00d6ffnung zur Abgabe von Arznei-, Krankenpflege-, S\u00e4uglingspflege- und S\u00e4uglingsn\u00e4hrmitteln, hygienischen Artikeln sowie Desinfektionsmitteln m\u00f6glich; die Apothekerkammer regelt, dass abwechselnd ein Teil der Apotheken geschlossen bleiben muss;<\/li>\n<li>Tankstellen: ganzt\u00e4gige \u00d6ffnung zur Abgabe von Ersatzteilen zur Erhaltung\/Wiederherstellung der Fahrbereitschaft sowie zur Abgabe von Betriebsstoffen und Reisebedarf m\u00f6glich;<\/li>\n<li>Stellen auf Flugh\u00e4fen und Personenbahnh\u00f6fen des Schienenverkehrs: ganzt\u00e4gige \u00d6ffnung f\u00fcr den Verkauf von Reisebedarf m\u00f6glich, am 24. Dezember jedoch nur bis 17.00 Uhr; was zum Reisebedarf geh\u00f6rt, listet \u00a7 3 Abs. 3 L\u00d6G-NW auf, so zum Beispiel Zeitungen, Stadtpl\u00e4ne, Tabakwaren, Reiseandenken etc.;<\/li>\n<li>Gastst\u00e4ttengewerbe: Abgabe von Zubeh\u00f6rwaren an G\u00e4ste zul\u00e4ssig; des Weiteren darf der Gastwirt au\u00dferhalb der Sperrzeit Getr\u00e4nke und zubereitete Speisen aus seinem Betrieb, Flaschenbier, alkoholfreie Getr\u00e4nke sowie Tabak- und S\u00fc\u00dfwaren zum alsbaldigen Verzehr an jedermann \u00fcber die Stra\u00dfe abgeben (\u00a7 7 Gastst\u00e4ttengesetz).<\/li>\n<li>Die Ordnungsbeh\u00f6rden k\u00f6nnen zudem an j\u00e4hrlich h\u00f6chstens elf Sonn- und Feiertagen, maximal zwei davon im Advent, die Laden\u00f6ffnung bis zur Dauer von f\u00fcnf Stunden gestatten. Erfolgt eine Freigabe f\u00fcr das gesamte Gemeindegebiet, darf nur ein Adventssonntag freigegeben werden. Erfolgt die Freigabe beschr\u00e4nkt auf bestimmte Bezirke, Ortsteile und Handelszweige darf ein weiterer Adventssonntag freigegeben werden. Von der Freigabe sind der 1. und 2. Weihnachtstag, Ostersonntag, Pfingstsonntag sowie die stillen Feiertage im Sinne des Feiertagsgesetzes NRW (Allerheiligen, Karfreitag, Totensonntag und der Volkstrauertag) ausgenommen.<\/li>\n<li>Kur- und Ausflugsorte<\/li>\n<li>In ausgew\u00e4hlten Kur-, Ausflugs-, Erholungs- und Wallfahrtsorte d\u00fcrfen an j\u00e4hrlich h\u00f6chstens 40 Sonn- und Feiertagen bis zur Dauer von acht Stunden folgende Waren verkauft werden:<\/li>\n<\/ul>\n<ol class=\"rte--list\">\n<li>Waren, die f\u00fcr die Orte kennzeichnend sind,<\/li>\n<li>Waren zum sofortigen Verzehr und frische Fr\u00fcchte, Tabakwaren, Blumen, Zeitungen.<\/li>\n<\/ol>\n<p>Die Orte und Ortsteile, die davon Gebrauch machen d\u00fcrfen, sind in der Anlage zur Laden\u00f6ffnungsVO aufgef\u00fchrt. Bei der \u00d6ffnung sind die Verkaufszeiten und die zum Verkauf zugelassenen Waren deutlich sichtbar bekannt zu geben.<\/p>\n<\/div>\n<p>Gesetz\u00a0zur Regelung der Laden\u00f6ffnungszeiten<br \/>(Laden\u00f6ffnungsgesetz &#8211; L\u00d6G NRW)<\/p>\n<p>Stand Oktober 2014, Quelle IHK Dortmund<br \/>http:\/\/www.dortmund.ihk24.de\/servicemarken\/branchen\/handel\/einzelhandel\/Neue_Ladenoeffnungzeiten_in_NRW\/308754<\/p>\n\n\n<p><\/p>\n","protected":false},"excerpt":{"rendered":"<p>\u00d6ffnungszeiten &amp; Sonder\u00f6ffnungszeiten Liebe Kundinnen und Kunden, aus betrieblichen Gr\u00fcnden haben sich, ab dem 01.01.2024, unsere \u00d6ffnungszeiten f\u00fcr Mittwochs ge\u00e4ndert. Andere Tage und Sonder\u00f6ffnungszeiten bleiben bestehen oder werden entsprechend angek\u00fcndigt. Gerne k\u00f6nnen Sie bei uns Ihre Blumen, Pflanzen und Dekoration auch vorbestellen. Durch Ihre Vorbestellung sparen Sie Zeit und wir k\u00f6nnen sicherstellen das Ihre bestellte [&hellip;]<\/p>\n","protected":false},"author":2,"featured_media":0,"parent":36,"menu_order":1,"comment_status":"open","ping_status":"closed","template":"","meta":{"footnotes":""},"class_list":["post-273","page","type-page","status-publish"],"_links":{"self":[{"href":"https:\/\/www.babsys.de\/index.php?rest_route=\/wp\/v2\/pages\/273","targetHints":{"allow":["GET"]}}],"collection":[{"href":"https:\/\/www.babsys.de\/index.php?rest_route=\/wp\/v2\/pages"}],"about":[{"href":"https:\/\/www.babsys.de\/index.php?rest_route=\/wp\/v2\/types\/page"}],"author":[{"embeddable":true,"href":"https:\/\/www.babsys.de\/index.php?rest_route=\/wp\/v2\/users\/2"}],"replies":[{"embeddable":true,"href":"https:\/\/www.babsys.de\/index.php?rest_route=%2Fwp%2Fv2%2Fcomments&post=273"}],"version-history":[{"count":118,"href":"https:\/\/www.babsys.de\/index.php?rest_route=\/wp\/v2\/pages\/273\/revisions"}],"predecessor-version":[{"id":1594,"href":"https:\/\/www.babsys.de\/index.php?rest_route=\/wp\/v2\/pages\/273\/revisions\/1594"}],"up":[{"embeddable":true,"href":"https:\/\/www.babsys.de\/index.php?rest_route=\/wp\/v2\/pages\/36"}],"wp:attachment":[{"href":"https:\/\/www.babsys.de\/index.php?rest_route=%2Fwp%2Fv2%2Fmedia&parent=273"}],"curies":[{"name":"wp","href":"https:\/\/api.w.org\/{rel}","templated":true}]}}