{"id":33,"date":"2014-02-10T14:56:17","date_gmt":"2014-02-10T12:56:17","guid":{"rendered":"http:\/\/www.babsys.de\/?page_id=33"},"modified":"2020-04-30T16:15:54","modified_gmt":"2020-04-30T14:15:54","slug":"profil","status":"publish","type":"page","link":"https:\/\/www.babsys.de\/?page_id=33","title":{"rendered":"Profil"},"content":{"rendered":"<p>Seit mehr als 30 Jahren Floristik auf h\u00f6chstem Niveau, individuell und immer ein Unikat. Blumen und Floristik als Profession.<br \/><br \/>Bei Babsys Blumen &amp; Floristik \u00fcberzeugt Barbara Geiling und Team mit Kreativit\u00e4t und fachkundiger Floristenarbeit.<br \/>Blumen sagen mehr als tausend Worte, denn mit Blumen und Floristik gestalten wir f\u00fcr Sie ein Wohlgef\u00fchl in Ihrer Umgebung.<br \/>Ob privat Zuhause, gesch\u00e4ftlich, auf Events oder f\u00fcr die ganz besonderen Momente im Leben.Hochzeiten, Dekoration, Jubileen, B2B oder Trauerfloristik &#8211; Bei Babsys Blumen und Floristik immer hilfreich und mit viel Einf\u00fchlung, fachlich und kompetent an Ihrer Seite.<\/p>\n\n\n<ul class=\"wp-block-gallery columns-1 is-cropped wp-block-gallery-1 is-layout-flex wp-block-gallery-is-layout-flex\"><li class=\"blocks-gallery-item\"><figure><img loading=\"lazy\" decoding=\"async\" width=\"602\" height=\"600\" src=\"https:\/\/www.babsys.de\/wp-content\/uploads\/2020\/04\/e4fbed2f-d717-4e29-89c2-b494a9bf4162.jpg\" alt=\"\" data-id=\"834\" data-link=\"https:\/\/www.babsys.de\/?attachment_id=834\" class=\"wp-image-834\" srcset=\"https:\/\/www.babsys.de\/wp-content\/uploads\/2020\/04\/e4fbed2f-d717-4e29-89c2-b494a9bf4162.jpg 602w, https:\/\/www.babsys.de\/wp-content\/uploads\/2020\/04\/e4fbed2f-d717-4e29-89c2-b494a9bf4162-150x150.jpg 150w, https:\/\/www.babsys.de\/wp-content\/uploads\/2020\/04\/e4fbed2f-d717-4e29-89c2-b494a9bf4162-300x300.jpg 300w\" sizes=\"auto, (max-width: 602px) 100vw, 602px\" \/><\/figure><\/li><\/ul>\n\n\n\n<p><\/p>\n","protected":false},"excerpt":{"rendered":"<p>Seit mehr als 30 Jahren Floristik auf h\u00f6chstem Niveau, individuell und immer ein Unikat. Blumen und Floristik als Profession. Bei Babsys Blumen &amp; Floristik \u00fcberzeugt Barbara Geiling und Team mit Kreativit\u00e4t und fachkundiger Floristenarbeit.Blumen sagen mehr als tausend Worte, denn mit Blumen und Floristik gestalten wir f\u00fcr Sie ein Wohlgef\u00fchl in Ihrer Umgebung.Ob privat Zuhause, [&hellip;]<\/p>\n","protected":false},"author":1,"featured_media":0,"parent":0,"menu_order":0,"comment_status":"open","ping_status":"open","template":"","meta":{"footnotes":""},"class_list":["post-33","page","type-page","status-publish"],"_links":{"self":[{"href":"https:\/\/www.babsys.de\/index.php?rest_route=\/wp\/v2\/pages\/33","targetHints":{"allow":["GET"]}}],"collection":[{"href":"https:\/\/www.babsys.de\/index.php?rest_route=\/wp\/v2\/pages"}],"about":[{"href":"https:\/\/www.babsys.de\/index.php?rest_route=\/wp\/v2\/types\/page"}],"author":[{"embeddable":true,"href":"https:\/\/www.babsys.de\/index.php?rest_route=\/wp\/v2\/users\/1"}],"replies":[{"embeddable":true,"href":"https:\/\/www.babsys.de\/index.php?rest_route=%2Fwp%2Fv2%2Fcomments&post=33"}],"version-history":[{"count":11,"href":"https:\/\/www.babsys.de\/index.php?rest_route=\/wp\/v2\/pages\/33\/revisions"}],"predecessor-version":[{"id":836,"href":"https:\/\/www.babsys.de\/index.php?rest_route=\/wp\/v2\/pages\/33\/revisions\/836"}],"wp:attachment":[{"href":"https:\/\/www.babsys.de\/index.php?rest_route=%2Fwp%2Fv2%2Fmedia&parent=33"}],"curies":[{"name":"wp","href":"https:\/\/api.w.org\/{rel}","templated":true}]}}