{"id":36,"date":"2014-02-10T14:57:14","date_gmt":"2014-02-10T12:57:14","guid":{"rendered":"http:\/\/www.babsys.de\/?page_id=36"},"modified":"2023-03-08T16:23:13","modified_gmt":"2023-03-08T14:23:13","slug":"infos","status":"publish","type":"page","link":"https:\/\/www.babsys.de\/?page_id=36","title":{"rendered":"Ostern"},"content":{"rendered":"<p>Auch diese Jahr m\u00f6chten wir sie zu Ostern in eine bunte Welt der Blumen und Dekorationen entf\u00fchren. Seien sie in in unserem Gesch\u00e4ft herzlich willkommen. Unsere Floristik und Dekorationen bieten ihnen auch zu den \u00f6sterlichen Feiertagen eine grosse Vielfalt an individuellen Ideen und Umsetzungen. Wir freuen uns auf Ihren Besuch.\u00a0<\/p>\n<p>Ihr Team von Babsy`s Blumen &amp; Floristik<\/p>\n<h6><strong>Unsere aktuellen \u00d6ffnungszeiten &amp;\u00a0<span style=\"color: #ff0000;\">Sonder\u00f6ffnungszeiten Ostern<\/span><span style=\"color: #ff0000;\"><span style=\"color: #339966;\">\u00a0<\/span><\/span><\/strong>finden Sie unter <a href=\"https:\/\/www.babsys.de\/?page_id=273\">\u00d6ffnungszeiten<\/a>.<\/h6>\n\n\n<div class=\"wp-block-columns is-layout-flex wp-container-core-columns-is-layout-9d6595d7 wp-block-columns-is-layout-flex\">\n<div class=\"wp-block-column is-layout-flow wp-block-column-is-layout-flow\" style=\"flex-basis:100%\">\n<div class=\"wp-block-columns is-layout-flex wp-container-core-columns-is-layout-9d6595d7 wp-block-columns-is-layout-flex\">\n<div class=\"wp-block-column is-layout-flow wp-block-column-is-layout-flow\" style=\"flex-basis:100%\">\n<figure class=\"wp-block-gallery has-nested-images columns-default is-cropped wp-block-gallery-1 is-layout-flex wp-block-gallery-is-layout-flex\">\n<figure class=\"wp-block-image size-large\"><a href=\"https:\/\/www.babsys.de\/wp-content\/uploads\/2023\/03\/df036299-e330-44a4-92ac-a2470e41012a.jpeg\"><img loading=\"lazy\" decoding=\"async\" width=\"768\" height=\"1024\" data-id=\"1447\" src=\"https:\/\/www.babsys.de\/wp-content\/uploads\/2023\/03\/df036299-e330-44a4-92ac-a2470e41012a-768x1024.jpeg\" alt=\"\" class=\"wp-image-1447\" srcset=\"https:\/\/www.babsys.de\/wp-content\/uploads\/2023\/03\/df036299-e330-44a4-92ac-a2470e41012a-768x1024.jpeg 768w, https:\/\/www.babsys.de\/wp-content\/uploads\/2023\/03\/df036299-e330-44a4-92ac-a2470e41012a-225x300.jpeg 225w, https:\/\/www.babsys.de\/wp-content\/uploads\/2023\/03\/df036299-e330-44a4-92ac-a2470e41012a-1152x1536.jpeg 1152w, https:\/\/www.babsys.de\/wp-content\/uploads\/2023\/03\/df036299-e330-44a4-92ac-a2470e41012a.jpeg 1200w\" sizes=\"auto, (max-width: 768px) 100vw, 768px\" \/><\/a><\/figure>\n\n\n\n<figure class=\"wp-block-image size-large\"><a href=\"https:\/\/www.babsys.de\/wp-content\/uploads\/2023\/03\/2a83f71b-442b-4b9c-a967-460eb3f4f5e5.jpeg\"><img loading=\"lazy\" decoding=\"async\" width=\"768\" height=\"1024\" data-id=\"1448\" src=\"https:\/\/www.babsys.de\/wp-content\/uploads\/2023\/03\/2a83f71b-442b-4b9c-a967-460eb3f4f5e5-768x1024.jpeg\" alt=\"\" class=\"wp-image-1448\" srcset=\"https:\/\/www.babsys.de\/wp-content\/uploads\/2023\/03\/2a83f71b-442b-4b9c-a967-460eb3f4f5e5-768x1024.jpeg 768w, https:\/\/www.babsys.de\/wp-content\/uploads\/2023\/03\/2a83f71b-442b-4b9c-a967-460eb3f4f5e5-225x300.jpeg 225w, https:\/\/www.babsys.de\/wp-content\/uploads\/2023\/03\/2a83f71b-442b-4b9c-a967-460eb3f4f5e5-1152x1536.jpeg 1152w, https:\/\/www.babsys.de\/wp-content\/uploads\/2023\/03\/2a83f71b-442b-4b9c-a967-460eb3f4f5e5.jpeg 1200w\" sizes=\"auto, (max-width: 768px) 100vw, 768px\" \/><\/a><\/figure>\n\n\n\n<figure class=\"wp-block-image size-large\"><a href=\"https:\/\/www.babsys.de\/wp-content\/uploads\/2023\/03\/f0f724ea-28d2-452e-a726-9700e25a64cc.jpeg\"><img loading=\"lazy\" decoding=\"async\" width=\"768\" height=\"1024\" data-id=\"1451\" src=\"https:\/\/www.babsys.de\/wp-content\/uploads\/2023\/03\/f0f724ea-28d2-452e-a726-9700e25a64cc-768x1024.jpeg\" alt=\"\" class=\"wp-image-1451\" srcset=\"https:\/\/www.babsys.de\/wp-content\/uploads\/2023\/03\/f0f724ea-28d2-452e-a726-9700e25a64cc-768x1024.jpeg 768w, https:\/\/www.babsys.de\/wp-content\/uploads\/2023\/03\/f0f724ea-28d2-452e-a726-9700e25a64cc-225x300.jpeg 225w, https:\/\/www.babsys.de\/wp-content\/uploads\/2023\/03\/f0f724ea-28d2-452e-a726-9700e25a64cc-1152x1536.jpeg 1152w, https:\/\/www.babsys.de\/wp-content\/uploads\/2023\/03\/f0f724ea-28d2-452e-a726-9700e25a64cc.jpeg 1500w\" sizes=\"auto, (max-width: 768px) 100vw, 768px\" \/><\/a><\/figure>\n\n\n\n<figure class=\"wp-block-image size-large\"><a href=\"https:\/\/www.babsys.de\/wp-content\/uploads\/2023\/03\/4fef9a75-d59e-45ec-af3b-cefdcf592d5f.jpeg\"><img loading=\"lazy\" decoding=\"async\" width=\"768\" height=\"1024\" data-id=\"1453\" src=\"https:\/\/www.babsys.de\/wp-content\/uploads\/2023\/03\/4fef9a75-d59e-45ec-af3b-cefdcf592d5f-768x1024.jpeg\" alt=\"\" class=\"wp-image-1453\" srcset=\"https:\/\/www.babsys.de\/wp-content\/uploads\/2023\/03\/4fef9a75-d59e-45ec-af3b-cefdcf592d5f-768x1024.jpeg 768w, https:\/\/www.babsys.de\/wp-content\/uploads\/2023\/03\/4fef9a75-d59e-45ec-af3b-cefdcf592d5f-225x300.jpeg 225w, https:\/\/www.babsys.de\/wp-content\/uploads\/2023\/03\/4fef9a75-d59e-45ec-af3b-cefdcf592d5f-1152x1536.jpeg 1152w, https:\/\/www.babsys.de\/wp-content\/uploads\/2023\/03\/4fef9a75-d59e-45ec-af3b-cefdcf592d5f.jpeg 1500w\" sizes=\"auto, (max-width: 768px) 100vw, 768px\" \/><\/a><\/figure>\n\n\n\n<figure class=\"wp-block-image size-large is-style-default\"><a href=\"https:\/\/www.babsys.de\/wp-content\/uploads\/2023\/03\/727f716b-f14a-462f-817d-f88d6282601d.jpeg\"><img loading=\"lazy\" decoding=\"async\" width=\"768\" height=\"1024\" data-id=\"1466\" src=\"https:\/\/www.babsys.de\/wp-content\/uploads\/2023\/03\/727f716b-f14a-462f-817d-f88d6282601d-768x1024.jpeg\" alt=\"\" class=\"wp-image-1466\" srcset=\"https:\/\/www.babsys.de\/wp-content\/uploads\/2023\/03\/727f716b-f14a-462f-817d-f88d6282601d-768x1024.jpeg 768w, https:\/\/www.babsys.de\/wp-content\/uploads\/2023\/03\/727f716b-f14a-462f-817d-f88d6282601d-225x300.jpeg 225w, https:\/\/www.babsys.de\/wp-content\/uploads\/2023\/03\/727f716b-f14a-462f-817d-f88d6282601d-1152x1536.jpeg 1152w, https:\/\/www.babsys.de\/wp-content\/uploads\/2023\/03\/727f716b-f14a-462f-817d-f88d6282601d.jpeg 1500w\" sizes=\"auto, (max-width: 768px) 100vw, 768px\" \/><\/a><\/figure>\n\n\n\n<figure class=\"wp-block-image size-large\"><a href=\"https:\/\/www.babsys.de\/wp-content\/uploads\/2023\/03\/0522b5ba-2212-420d-8c34-4e3f757138be.jpeg\"><img loading=\"lazy\" decoding=\"async\" width=\"1024\" height=\"768\" data-id=\"1454\" src=\"https:\/\/www.babsys.de\/wp-content\/uploads\/2023\/03\/0522b5ba-2212-420d-8c34-4e3f757138be-1024x768.jpeg\" alt=\"\" class=\"wp-image-1454\" srcset=\"https:\/\/www.babsys.de\/wp-content\/uploads\/2023\/03\/0522b5ba-2212-420d-8c34-4e3f757138be-1024x768.jpeg 1024w, https:\/\/www.babsys.de\/wp-content\/uploads\/2023\/03\/0522b5ba-2212-420d-8c34-4e3f757138be-300x225.jpeg 300w, https:\/\/www.babsys.de\/wp-content\/uploads\/2023\/03\/0522b5ba-2212-420d-8c34-4e3f757138be-768x576.jpeg 768w, https:\/\/www.babsys.de\/wp-content\/uploads\/2023\/03\/0522b5ba-2212-420d-8c34-4e3f757138be-1536x1152.jpeg 1536w, https:\/\/www.babsys.de\/wp-content\/uploads\/2023\/03\/0522b5ba-2212-420d-8c34-4e3f757138be.jpeg 2000w\" sizes=\"auto, (max-width: 1024px) 100vw, 1024px\" \/><\/a><\/figure>\n\n\n\n<figure class=\"wp-block-image size-large\"><a href=\"https:\/\/www.babsys.de\/wp-content\/uploads\/2023\/03\/e4b672ee-14dc-46d1-bde2-6d40b1c5311d.jpeg\"><img loading=\"lazy\" decoding=\"async\" width=\"768\" height=\"1024\" data-id=\"1450\" src=\"https:\/\/www.babsys.de\/wp-content\/uploads\/2023\/03\/e4b672ee-14dc-46d1-bde2-6d40b1c5311d-768x1024.jpeg\" alt=\"\" class=\"wp-image-1450\" srcset=\"https:\/\/www.babsys.de\/wp-content\/uploads\/2023\/03\/e4b672ee-14dc-46d1-bde2-6d40b1c5311d-768x1024.jpeg 768w, https:\/\/www.babsys.de\/wp-content\/uploads\/2023\/03\/e4b672ee-14dc-46d1-bde2-6d40b1c5311d-225x300.jpeg 225w, https:\/\/www.babsys.de\/wp-content\/uploads\/2023\/03\/e4b672ee-14dc-46d1-bde2-6d40b1c5311d-1152x1536.jpeg 1152w, https:\/\/www.babsys.de\/wp-content\/uploads\/2023\/03\/e4b672ee-14dc-46d1-bde2-6d40b1c5311d.jpeg 1500w\" sizes=\"auto, (max-width: 768px) 100vw, 768px\" \/><\/a><\/figure>\n\n\n\n<figure class=\"wp-block-image size-large\"><a href=\"https:\/\/www.babsys.de\/wp-content\/uploads\/2023\/03\/6a584046-2ce6-4a10-8795-a1b1877c3740.jpeg\"><img loading=\"lazy\" decoding=\"async\" width=\"768\" height=\"1024\" data-id=\"1452\" src=\"https:\/\/www.babsys.de\/wp-content\/uploads\/2023\/03\/6a584046-2ce6-4a10-8795-a1b1877c3740-768x1024.jpeg\" alt=\"\" class=\"wp-image-1452\" srcset=\"https:\/\/www.babsys.de\/wp-content\/uploads\/2023\/03\/6a584046-2ce6-4a10-8795-a1b1877c3740-768x1024.jpeg 768w, https:\/\/www.babsys.de\/wp-content\/uploads\/2023\/03\/6a584046-2ce6-4a10-8795-a1b1877c3740-225x300.jpeg 225w, https:\/\/www.babsys.de\/wp-content\/uploads\/2023\/03\/6a584046-2ce6-4a10-8795-a1b1877c3740.jpeg 960w\" sizes=\"auto, (max-width: 768px) 100vw, 768px\" \/><\/a><\/figure>\n\n\n\n<figure class=\"wp-block-image size-large\"><a href=\"https:\/\/www.babsys.de\/wp-content\/uploads\/2023\/03\/ae4b0179-c210-47ba-b4b1-39883365fc5d.jpeg\"><img loading=\"lazy\" decoding=\"async\" width=\"768\" height=\"1024\" data-id=\"1455\" src=\"https:\/\/www.babsys.de\/wp-content\/uploads\/2023\/03\/ae4b0179-c210-47ba-b4b1-39883365fc5d-768x1024.jpeg\" alt=\"\" class=\"wp-image-1455\" srcset=\"https:\/\/www.babsys.de\/wp-content\/uploads\/2023\/03\/ae4b0179-c210-47ba-b4b1-39883365fc5d-768x1024.jpeg 768w, https:\/\/www.babsys.de\/wp-content\/uploads\/2023\/03\/ae4b0179-c210-47ba-b4b1-39883365fc5d-225x300.jpeg 225w, https:\/\/www.babsys.de\/wp-content\/uploads\/2023\/03\/ae4b0179-c210-47ba-b4b1-39883365fc5d.jpeg 960w\" sizes=\"auto, (max-width: 768px) 100vw, 768px\" \/><\/a><\/figure>\n\n\n\n<figure class=\"wp-block-image size-large\"><a href=\"https:\/\/www.babsys.de\/wp-content\/uploads\/2023\/03\/12f8f616-8e75-4741-8a99-7719eb01b533.jpeg\"><img loading=\"lazy\" decoding=\"async\" width=\"768\" height=\"1024\" data-id=\"1456\" src=\"https:\/\/www.babsys.de\/wp-content\/uploads\/2023\/03\/12f8f616-8e75-4741-8a99-7719eb01b533-768x1024.jpeg\" alt=\"\" class=\"wp-image-1456\" srcset=\"https:\/\/www.babsys.de\/wp-content\/uploads\/2023\/03\/12f8f616-8e75-4741-8a99-7719eb01b533-768x1024.jpeg 768w, https:\/\/www.babsys.de\/wp-content\/uploads\/2023\/03\/12f8f616-8e75-4741-8a99-7719eb01b533-225x300.jpeg 225w, https:\/\/www.babsys.de\/wp-content\/uploads\/2023\/03\/12f8f616-8e75-4741-8a99-7719eb01b533.jpeg 960w\" sizes=\"auto, (max-width: 768px) 100vw, 768px\" \/><\/a><\/figure>\n\n\n\n<figure class=\"wp-block-image size-large\"><a href=\"https:\/\/www.babsys.de\/wp-content\/uploads\/2023\/03\/77fa9fac-dc7a-4e75-b2f4-97be9da2e2cc.jpeg\"><img loading=\"lazy\" decoding=\"async\" width=\"708\" height=\"1024\" data-id=\"1457\" src=\"https:\/\/www.babsys.de\/wp-content\/uploads\/2023\/03\/77fa9fac-dc7a-4e75-b2f4-97be9da2e2cc-708x1024.jpeg\" alt=\"\" class=\"wp-image-1457\" srcset=\"https:\/\/www.babsys.de\/wp-content\/uploads\/2023\/03\/77fa9fac-dc7a-4e75-b2f4-97be9da2e2cc-708x1024.jpeg 708w, https:\/\/www.babsys.de\/wp-content\/uploads\/2023\/03\/77fa9fac-dc7a-4e75-b2f4-97be9da2e2cc-207x300.jpeg 207w, https:\/\/www.babsys.de\/wp-content\/uploads\/2023\/03\/77fa9fac-dc7a-4e75-b2f4-97be9da2e2cc-768x1111.jpeg 768w, https:\/\/www.babsys.de\/wp-content\/uploads\/2023\/03\/77fa9fac-dc7a-4e75-b2f4-97be9da2e2cc.jpeg 885w\" sizes=\"auto, (max-width: 708px) 100vw, 708px\" \/><\/a><\/figure>\n\n\n\n<figure class=\"wp-block-image size-large\"><a href=\"https:\/\/www.babsys.de\/wp-content\/uploads\/2023\/03\/d6b72d12-4f79-4530-b048-98472f7468f5.jpeg\"><img loading=\"lazy\" decoding=\"async\" width=\"768\" height=\"1024\" data-id=\"1458\" src=\"https:\/\/www.babsys.de\/wp-content\/uploads\/2023\/03\/d6b72d12-4f79-4530-b048-98472f7468f5-768x1024.jpeg\" alt=\"\" class=\"wp-image-1458\" srcset=\"https:\/\/www.babsys.de\/wp-content\/uploads\/2023\/03\/d6b72d12-4f79-4530-b048-98472f7468f5-768x1024.jpeg 768w, https:\/\/www.babsys.de\/wp-content\/uploads\/2023\/03\/d6b72d12-4f79-4530-b048-98472f7468f5-225x300.jpeg 225w, https:\/\/www.babsys.de\/wp-content\/uploads\/2023\/03\/d6b72d12-4f79-4530-b048-98472f7468f5-1152x1536.jpeg 1152w, https:\/\/www.babsys.de\/wp-content\/uploads\/2023\/03\/d6b72d12-4f79-4530-b048-98472f7468f5.jpeg 1500w\" sizes=\"auto, (max-width: 768px) 100vw, 768px\" \/><\/a><\/figure>\n\n\n\n<figure class=\"wp-block-image size-large\"><a href=\"https:\/\/www.babsys.de\/wp-content\/uploads\/2023\/03\/0674a6eb-e4c1-4931-b4be-81fdfee8ec52.jpeg\"><img loading=\"lazy\" decoding=\"async\" width=\"768\" height=\"1024\" data-id=\"1459\" src=\"https:\/\/www.babsys.de\/wp-content\/uploads\/2023\/03\/0674a6eb-e4c1-4931-b4be-81fdfee8ec52-768x1024.jpeg\" alt=\"\" class=\"wp-image-1459\" srcset=\"https:\/\/www.babsys.de\/wp-content\/uploads\/2023\/03\/0674a6eb-e4c1-4931-b4be-81fdfee8ec52-768x1024.jpeg 768w, https:\/\/www.babsys.de\/wp-content\/uploads\/2023\/03\/0674a6eb-e4c1-4931-b4be-81fdfee8ec52-225x300.jpeg 225w, https:\/\/www.babsys.de\/wp-content\/uploads\/2023\/03\/0674a6eb-e4c1-4931-b4be-81fdfee8ec52.jpeg 960w\" sizes=\"auto, (max-width: 768px) 100vw, 768px\" \/><\/a><\/figure>\n\n\n\n<figure class=\"wp-block-image size-large\"><a href=\"https:\/\/www.babsys.de\/wp-content\/uploads\/2023\/03\/d5220e1a-443c-4dbe-b0e6-d2f014df2948.jpeg\"><img loading=\"lazy\" decoding=\"async\" width=\"768\" height=\"1024\" data-id=\"1460\" src=\"https:\/\/www.babsys.de\/wp-content\/uploads\/2023\/03\/d5220e1a-443c-4dbe-b0e6-d2f014df2948-768x1024.jpeg\" alt=\"\" class=\"wp-image-1460\" srcset=\"https:\/\/www.babsys.de\/wp-content\/uploads\/2023\/03\/d5220e1a-443c-4dbe-b0e6-d2f014df2948-768x1024.jpeg 768w, https:\/\/www.babsys.de\/wp-content\/uploads\/2023\/03\/d5220e1a-443c-4dbe-b0e6-d2f014df2948-225x300.jpeg 225w, https:\/\/www.babsys.de\/wp-content\/uploads\/2023\/03\/d5220e1a-443c-4dbe-b0e6-d2f014df2948.jpeg 960w\" sizes=\"auto, (max-width: 768px) 100vw, 768px\" \/><\/a><\/figure>\n\n\n\n<figure class=\"wp-block-image size-large\"><a href=\"https:\/\/www.babsys.de\/wp-content\/uploads\/2023\/03\/c6b0ab9b-c9f3-4838-be19-7b0857d47b7f.jpeg\"><img loading=\"lazy\" decoding=\"async\" width=\"768\" height=\"1024\" data-id=\"1461\" src=\"https:\/\/www.babsys.de\/wp-content\/uploads\/2023\/03\/c6b0ab9b-c9f3-4838-be19-7b0857d47b7f-768x1024.jpeg\" alt=\"\" class=\"wp-image-1461\" srcset=\"https:\/\/www.babsys.de\/wp-content\/uploads\/2023\/03\/c6b0ab9b-c9f3-4838-be19-7b0857d47b7f-768x1024.jpeg 768w, https:\/\/www.babsys.de\/wp-content\/uploads\/2023\/03\/c6b0ab9b-c9f3-4838-be19-7b0857d47b7f-225x300.jpeg 225w, https:\/\/www.babsys.de\/wp-content\/uploads\/2023\/03\/c6b0ab9b-c9f3-4838-be19-7b0857d47b7f.jpeg 960w\" sizes=\"auto, (max-width: 768px) 100vw, 768px\" \/><\/a><\/figure>\n\n\n\n<figure class=\"wp-block-image size-large\"><a href=\"https:\/\/www.babsys.de\/wp-content\/uploads\/2023\/03\/5fd82fae-31c1-4eaf-8ab9-edeee8c73b00.jpeg\"><img loading=\"lazy\" decoding=\"async\" width=\"1024\" height=\"768\" data-id=\"1462\" src=\"https:\/\/www.babsys.de\/wp-content\/uploads\/2023\/03\/5fd82fae-31c1-4eaf-8ab9-edeee8c73b00-1024x768.jpeg\" alt=\"\" class=\"wp-image-1462\" srcset=\"https:\/\/www.babsys.de\/wp-content\/uploads\/2023\/03\/5fd82fae-31c1-4eaf-8ab9-edeee8c73b00-1024x768.jpeg 1024w, https:\/\/www.babsys.de\/wp-content\/uploads\/2023\/03\/5fd82fae-31c1-4eaf-8ab9-edeee8c73b00-300x225.jpeg 300w, https:\/\/www.babsys.de\/wp-content\/uploads\/2023\/03\/5fd82fae-31c1-4eaf-8ab9-edeee8c73b00-768x576.jpeg 768w, https:\/\/www.babsys.de\/wp-content\/uploads\/2023\/03\/5fd82fae-31c1-4eaf-8ab9-edeee8c73b00.jpeg 1280w\" sizes=\"auto, (max-width: 1024px) 100vw, 1024px\" \/><\/a><\/figure>\n\n\n\n<figure class=\"wp-block-image size-large\"><a href=\"https:\/\/www.babsys.de\/wp-content\/uploads\/2023\/03\/6e777508-c43b-4939-ac46-f409b021ebad.jpeg\"><img loading=\"lazy\" decoding=\"async\" width=\"768\" height=\"1024\" data-id=\"1463\" src=\"https:\/\/www.babsys.de\/wp-content\/uploads\/2023\/03\/6e777508-c43b-4939-ac46-f409b021ebad-768x1024.jpeg\" alt=\"\" class=\"wp-image-1463\" srcset=\"https:\/\/www.babsys.de\/wp-content\/uploads\/2023\/03\/6e777508-c43b-4939-ac46-f409b021ebad-768x1024.jpeg 768w, https:\/\/www.babsys.de\/wp-content\/uploads\/2023\/03\/6e777508-c43b-4939-ac46-f409b021ebad-225x300.jpeg 225w, https:\/\/www.babsys.de\/wp-content\/uploads\/2023\/03\/6e777508-c43b-4939-ac46-f409b021ebad.jpeg 960w\" sizes=\"auto, (max-width: 768px) 100vw, 768px\" \/><\/a><\/figure>\n\n\n\n<figure class=\"wp-block-image size-large\"><a href=\"https:\/\/www.babsys.de\/wp-content\/uploads\/2023\/03\/eb61ffe4-650e-45fd-ba45-097c1e0caa86.jpeg\"><img loading=\"lazy\" decoding=\"async\" width=\"768\" height=\"1024\" data-id=\"1464\" src=\"https:\/\/www.babsys.de\/wp-content\/uploads\/2023\/03\/eb61ffe4-650e-45fd-ba45-097c1e0caa86-768x1024.jpeg\" alt=\"\" class=\"wp-image-1464\" srcset=\"https:\/\/www.babsys.de\/wp-content\/uploads\/2023\/03\/eb61ffe4-650e-45fd-ba45-097c1e0caa86-768x1024.jpeg 768w, https:\/\/www.babsys.de\/wp-content\/uploads\/2023\/03\/eb61ffe4-650e-45fd-ba45-097c1e0caa86-225x300.jpeg 225w, https:\/\/www.babsys.de\/wp-content\/uploads\/2023\/03\/eb61ffe4-650e-45fd-ba45-097c1e0caa86.jpeg 960w\" sizes=\"auto, (max-width: 768px) 100vw, 768px\" \/><\/a><\/figure>\n\n\n\n<figure class=\"wp-block-image size-large\"><a href=\"https:\/\/www.babsys.de\/wp-content\/uploads\/2023\/03\/cf3e61ce-8f2c-4f74-83ae-d8919fcde585.jpeg\"><img loading=\"lazy\" decoding=\"async\" width=\"582\" height=\"1024\" data-id=\"1465\" src=\"https:\/\/www.babsys.de\/wp-content\/uploads\/2023\/03\/cf3e61ce-8f2c-4f74-83ae-d8919fcde585-582x1024.jpeg\" alt=\"\" class=\"wp-image-1465\" srcset=\"https:\/\/www.babsys.de\/wp-content\/uploads\/2023\/03\/cf3e61ce-8f2c-4f74-83ae-d8919fcde585-582x1024.jpeg 582w, https:\/\/www.babsys.de\/wp-content\/uploads\/2023\/03\/cf3e61ce-8f2c-4f74-83ae-d8919fcde585-171x300.jpeg 171w, https:\/\/www.babsys.de\/wp-content\/uploads\/2023\/03\/cf3e61ce-8f2c-4f74-83ae-d8919fcde585-768x1351.jpeg 768w, https:\/\/www.babsys.de\/wp-content\/uploads\/2023\/03\/cf3e61ce-8f2c-4f74-83ae-d8919fcde585-873x1536.jpeg 873w, https:\/\/www.babsys.de\/wp-content\/uploads\/2023\/03\/cf3e61ce-8f2c-4f74-83ae-d8919fcde585.jpeg 1137w\" sizes=\"auto, (max-width: 582px) 100vw, 582px\" \/><\/a><\/figure>\n<\/figure>\n<\/div>\n<\/div>\n<\/div>\n<\/div>\n","protected":false},"excerpt":{"rendered":"<p>Auch diese Jahr m\u00f6chten wir sie zu Ostern in eine bunte Welt der Blumen und Dekorationen entf\u00fchren. Seien sie in in unserem Gesch\u00e4ft herzlich willkommen. Unsere Floristik und Dekorationen bieten ihnen auch zu den \u00f6sterlichen Feiertagen eine grosse Vielfalt an individuellen Ideen und Umsetzungen. Wir freuen uns auf Ihren Besuch.\u00a0 Ihr Team von Babsy`s Blumen [&hellip;]<\/p>\n","protected":false},"author":1,"featured_media":0,"parent":0,"menu_order":0,"comment_status":"open","ping_status":"open","template":"","meta":{"footnotes":""},"class_list":["post-36","page","type-page","status-publish"],"_links":{"self":[{"href":"https:\/\/www.babsys.de\/index.php?rest_route=\/wp\/v2\/pages\/36","targetHints":{"allow":["GET"]}}],"collection":[{"href":"https:\/\/www.babsys.de\/index.php?rest_route=\/wp\/v2\/pages"}],"about":[{"href":"https:\/\/www.babsys.de\/index.php?rest_route=\/wp\/v2\/types\/page"}],"author":[{"embeddable":true,"href":"https:\/\/www.babsys.de\/index.php?rest_route=\/wp\/v2\/users\/1"}],"replies":[{"embeddable":true,"href":"https:\/\/www.babsys.de\/index.php?rest_route=%2Fwp%2Fv2%2Fcomments&post=36"}],"version-history":[{"count":8,"href":"https:\/\/www.babsys.de\/index.php?rest_route=\/wp\/v2\/pages\/36\/revisions"}],"predecessor-version":[{"id":1471,"href":"https:\/\/www.babsys.de\/index.php?rest_route=\/wp\/v2\/pages\/36\/revisions\/1471"}],"wp:attachment":[{"href":"https:\/\/www.babsys.de\/index.php?rest_route=%2Fwp%2Fv2%2Fmedia&parent=36"}],"curies":[{"name":"wp","href":"https:\/\/api.w.org\/{rel}","templated":true}]}}