{"id":728,"date":"2020-03-30T10:30:13","date_gmt":"2020-03-30T08:30:13","guid":{"rendered":"http:\/\/www.babsys.de\/?page_id=728"},"modified":"2021-02-04T18:05:13","modified_gmt":"2021-02-04T16:05:13","slug":"video","status":"publish","type":"page","link":"https:\/\/www.babsys.de\/?page_id=728","title":{"rendered":"Garten"},"content":{"rendered":"\n<p>Neu im Sortiment, Gartenfackeln &amp; Feuerstellen aus stabilem Eisen ca. 3mm Wandst\u00e4rke.<br><br>Wie alle anderen&nbsp;Fackeln sind diese&nbsp;Fackel&nbsp;mit&nbsp;umlaufenden Motiven&nbsp;versehen.<br><br>Optimale Befeuerung der Fackeln bieten unsere in Wachs getr\u00e4nkten Papierrollen. Diese brennen ca. (je nach Windst\u00e4rke) 1,5 &#8211; 2,5 Stunden.<br><br>Um die optimale&nbsp;Brennkraft&nbsp;der Motivfackel&nbsp;zu&nbsp;gew\u00e4hrleisten,&nbsp;ist der untere Fackelrand mit&nbsp;kleinen Bel\u00fcftungsluftl\u00f6chern versehen. Diese&nbsp;bewirken eine&nbsp;bestm\u00f6gliche Bel\u00fcftung und&nbsp;lassen&nbsp;folglich&nbsp;eine wundersch\u00f6ne Abendstimmung&nbsp;durch ein&nbsp;beruhigendes Gartenfeuer im Flammenmuster-Stil entstehen.<br><br>Hier einige Beispiele von Gartenfackeln &amp; Feuerstellen<br>Die Feuerstellen mit T\u00fcr sind ca. 120 hoch und 33 cm im Umfang.<br>Die Gartenfackeln sind ca. 30 cm hoch.<br><br>Zu den Gartenfackeln gibt es einen stabilen Erdspie\u00df oder einen Standfu\u00df (f\u00fcr gepflasterte Untergr\u00fcnde, etc.) als Zubeh\u00f6r.<\/p>\n\n\n\n<ul class=\"wp-block-gallery columns-3 is-cropped wp-block-gallery-1 is-layout-flex wp-block-gallery-is-layout-flex\"><li class=\"blocks-gallery-item\"><figure><a href=\"https:\/\/www.babsys.de\/wp-content\/uploads\/2020\/03\/RK200550-683x1024.jpg\"><img loading=\"lazy\" decoding=\"async\" width=\"683\" height=\"1024\" src=\"https:\/\/www.babsys.de\/wp-content\/uploads\/2020\/03\/RK200550-683x1024.jpg\" alt=\"\" data-id=\"741\" data-link=\"https:\/\/www.babsys.de\/?attachment_id=741\" class=\"wp-image-741\" srcset=\"https:\/\/www.babsys.de\/wp-content\/uploads\/2020\/03\/RK200550-683x1024.jpg 683w, https:\/\/www.babsys.de\/wp-content\/uploads\/2020\/03\/RK200550-200x300.jpg 200w, https:\/\/www.babsys.de\/wp-content\/uploads\/2020\/03\/RK200550-768x1152.jpg 768w\" sizes=\"auto, (max-width: 683px) 100vw, 683px\" \/><\/a><figcaption>Koi<\/figcaption><\/figure><\/li><li class=\"blocks-gallery-item\"><figure><a href=\"https:\/\/www.babsys.de\/wp-content\/uploads\/2020\/03\/RKP_3336-683x1024.jpg\"><img loading=\"lazy\" decoding=\"async\" width=\"683\" height=\"1024\" src=\"https:\/\/www.babsys.de\/wp-content\/uploads\/2020\/03\/RKP_3336-683x1024.jpg\" alt=\"\" data-id=\"743\" data-link=\"https:\/\/www.babsys.de\/?attachment_id=743\" class=\"wp-image-743\" srcset=\"https:\/\/www.babsys.de\/wp-content\/uploads\/2020\/03\/RKP_3336-683x1024.jpg 683w, https:\/\/www.babsys.de\/wp-content\/uploads\/2020\/03\/RKP_3336-200x300.jpg 200w, https:\/\/www.babsys.de\/wp-content\/uploads\/2020\/03\/RKP_3336-768x1152.jpg 768w\" sizes=\"auto, (max-width: 683px) 100vw, 683px\" \/><\/a><figcaption>Lilie 1<\/figcaption><\/figure><\/li><li class=\"blocks-gallery-item\"><figure><a href=\"https:\/\/www.babsys.de\/wp-content\/uploads\/2020\/03\/RKP_3330-1-683x1024.jpg\"><img loading=\"lazy\" decoding=\"async\" width=\"683\" height=\"1024\" src=\"https:\/\/www.babsys.de\/wp-content\/uploads\/2020\/03\/RKP_3330-1-683x1024.jpg\" alt=\"\" data-id=\"745\" data-link=\"https:\/\/www.babsys.de\/?attachment_id=745\" class=\"wp-image-745\" srcset=\"https:\/\/www.babsys.de\/wp-content\/uploads\/2020\/03\/RKP_3330-1-683x1024.jpg 683w, https:\/\/www.babsys.de\/wp-content\/uploads\/2020\/03\/RKP_3330-1-200x300.jpg 200w, https:\/\/www.babsys.de\/wp-content\/uploads\/2020\/03\/RKP_3330-1-768x1152.jpg 768w\" sizes=\"auto, (max-width: 683px) 100vw, 683px\" \/><\/a><figcaption>Lilie 2<\/figcaption><\/figure><\/li><li class=\"blocks-gallery-item\"><figure><a href=\"https:\/\/www.babsys.de\/wp-content\/uploads\/2020\/03\/RKP_4736-683x1024.jpg\"><img loading=\"lazy\" decoding=\"async\" width=\"683\" height=\"1024\" src=\"https:\/\/www.babsys.de\/wp-content\/uploads\/2020\/03\/RKP_4736-683x1024.jpg\" alt=\"\" data-id=\"748\" data-link=\"https:\/\/www.babsys.de\/?attachment_id=748\" class=\"wp-image-748\" srcset=\"https:\/\/www.babsys.de\/wp-content\/uploads\/2020\/03\/RKP_4736-683x1024.jpg 683w, https:\/\/www.babsys.de\/wp-content\/uploads\/2020\/03\/RKP_4736-200x300.jpg 200w, https:\/\/www.babsys.de\/wp-content\/uploads\/2020\/03\/RKP_4736-768x1152.jpg 768w\" sizes=\"auto, (max-width: 683px) 100vw, 683px\" \/><\/a><figcaption>Hund<\/figcaption><\/figure><\/li><li class=\"blocks-gallery-item\"><figure><a href=\"https:\/\/www.babsys.de\/wp-content\/uploads\/2020\/03\/RKP_5172-683x1024.jpg\"><img loading=\"lazy\" decoding=\"async\" width=\"683\" height=\"1024\" src=\"https:\/\/www.babsys.de\/wp-content\/uploads\/2020\/03\/RKP_5172-683x1024.jpg\" alt=\"\" data-id=\"750\" data-link=\"https:\/\/www.babsys.de\/?attachment_id=750\" class=\"wp-image-750\" srcset=\"https:\/\/www.babsys.de\/wp-content\/uploads\/2020\/03\/RKP_5172-683x1024.jpg 683w, https:\/\/www.babsys.de\/wp-content\/uploads\/2020\/03\/RKP_5172-200x300.jpg 200w, https:\/\/www.babsys.de\/wp-content\/uploads\/2020\/03\/RKP_5172-768x1152.jpg 768w\" sizes=\"auto, (max-width: 683px) 100vw, 683px\" \/><\/a><figcaption>Edelwei\u00df<\/figcaption><\/figure><\/li><li class=\"blocks-gallery-item\"><figure><a href=\"https:\/\/www.babsys.de\/wp-content\/uploads\/2020\/03\/RKP_3375-1-683x1024.jpg\"><img loading=\"lazy\" decoding=\"async\" width=\"683\" height=\"1024\" src=\"https:\/\/www.babsys.de\/wp-content\/uploads\/2020\/03\/RKP_3375-1-683x1024.jpg\" alt=\"\" data-id=\"751\" data-link=\"https:\/\/www.babsys.de\/?attachment_id=751\" class=\"wp-image-751\" srcset=\"https:\/\/www.babsys.de\/wp-content\/uploads\/2020\/03\/RKP_3375-1-683x1024.jpg 683w, https:\/\/www.babsys.de\/wp-content\/uploads\/2020\/03\/RKP_3375-1-200x300.jpg 200w, https:\/\/www.babsys.de\/wp-content\/uploads\/2020\/03\/RKP_3375-1-768x1152.jpg 768w\" sizes=\"auto, (max-width: 683px) 100vw, 683px\" \/><\/a><figcaption>Drache<\/figcaption><\/figure><\/li><li class=\"blocks-gallery-item\"><figure><a href=\"https:\/\/www.babsys.de\/wp-content\/uploads\/2020\/03\/RKP_5650-712x1024.jpg\"><img loading=\"lazy\" decoding=\"async\" width=\"712\" height=\"1024\" src=\"https:\/\/www.babsys.de\/wp-content\/uploads\/2020\/03\/RKP_5650-712x1024.jpg\" alt=\"\" data-id=\"753\" data-link=\"https:\/\/www.babsys.de\/?attachment_id=753\" class=\"wp-image-753\" srcset=\"https:\/\/www.babsys.de\/wp-content\/uploads\/2020\/03\/RKP_5650-712x1024.jpg 712w, https:\/\/www.babsys.de\/wp-content\/uploads\/2020\/03\/RKP_5650-209x300.jpg 209w, https:\/\/www.babsys.de\/wp-content\/uploads\/2020\/03\/RKP_5650-768x1105.jpg 768w\" sizes=\"auto, (max-width: 712px) 100vw, 712px\" \/><\/a><figcaption>Skull<\/figcaption><\/figure><\/li><li class=\"blocks-gallery-item\"><figure><a href=\"https:\/\/www.babsys.de\/wp-content\/uploads\/2020\/03\/RKP_5637-665x1024.jpg\"><img loading=\"lazy\" decoding=\"async\" width=\"665\" height=\"1024\" src=\"https:\/\/www.babsys.de\/wp-content\/uploads\/2020\/03\/RKP_5637-665x1024.jpg\" alt=\"\" data-id=\"755\" data-link=\"https:\/\/www.babsys.de\/?attachment_id=755\" class=\"wp-image-755\" srcset=\"https:\/\/www.babsys.de\/wp-content\/uploads\/2020\/03\/RKP_5637-665x1024.jpg 665w, https:\/\/www.babsys.de\/wp-content\/uploads\/2020\/03\/RKP_5637-195x300.jpg 195w, https:\/\/www.babsys.de\/wp-content\/uploads\/2020\/03\/RKP_5637-768x1183.jpg 768w\" sizes=\"auto, (max-width: 665px) 100vw, 665px\" \/><\/a><figcaption>Thors-Hammer<\/figcaption><\/figure><\/li><li class=\"blocks-gallery-item\"><figure><a href=\"https:\/\/www.babsys.de\/wp-content\/uploads\/2020\/06\/RKP_9854-683x1024.jpg\"><img loading=\"lazy\" decoding=\"async\" width=\"683\" height=\"1024\" src=\"https:\/\/www.babsys.de\/wp-content\/uploads\/2020\/06\/RKP_9854-683x1024.jpg\" alt=\"\" data-id=\"881\" data-link=\"https:\/\/www.babsys.de\/?attachment_id=881\" class=\"wp-image-881\" srcset=\"https:\/\/www.babsys.de\/wp-content\/uploads\/2020\/06\/RKP_9854-683x1024.jpg 683w, https:\/\/www.babsys.de\/wp-content\/uploads\/2020\/06\/RKP_9854-200x300.jpg 200w, https:\/\/www.babsys.de\/wp-content\/uploads\/2020\/06\/RKP_9854-768x1152.jpg 768w\" sizes=\"auto, (max-width: 683px) 100vw, 683px\" \/><\/a><\/figure><\/li><li class=\"blocks-gallery-item\"><figure><a href=\"https:\/\/www.babsys.de\/wp-content\/uploads\/2020\/06\/RKP_5512-683x1024.jpg\"><img loading=\"lazy\" decoding=\"async\" width=\"683\" height=\"1024\" src=\"https:\/\/www.babsys.de\/wp-content\/uploads\/2020\/06\/RKP_5512-683x1024.jpg\" alt=\"\" data-id=\"885\" data-link=\"https:\/\/www.babsys.de\/?attachment_id=885\" class=\"wp-image-885\" srcset=\"https:\/\/www.babsys.de\/wp-content\/uploads\/2020\/06\/RKP_5512-683x1024.jpg 683w, https:\/\/www.babsys.de\/wp-content\/uploads\/2020\/06\/RKP_5512-200x300.jpg 200w, https:\/\/www.babsys.de\/wp-content\/uploads\/2020\/06\/RKP_5512-768x1152.jpg 768w\" sizes=\"auto, (max-width: 683px) 100vw, 683px\" \/><\/a><\/figure><\/li><li class=\"blocks-gallery-item\"><figure><a href=\"https:\/\/www.babsys.de\/wp-content\/uploads\/2020\/06\/RKP_5581-1-683x1024.jpg\"><img loading=\"lazy\" decoding=\"async\" width=\"683\" height=\"1024\" src=\"https:\/\/www.babsys.de\/wp-content\/uploads\/2020\/06\/RKP_5581-1-683x1024.jpg\" alt=\"\" data-id=\"887\" data-link=\"https:\/\/www.babsys.de\/?attachment_id=887\" class=\"wp-image-887\" srcset=\"https:\/\/www.babsys.de\/wp-content\/uploads\/2020\/06\/RKP_5581-1-683x1024.jpg 683w, https:\/\/www.babsys.de\/wp-content\/uploads\/2020\/06\/RKP_5581-1-200x300.jpg 200w, https:\/\/www.babsys.de\/wp-content\/uploads\/2020\/06\/RKP_5581-1-768x1152.jpg 768w\" sizes=\"auto, (max-width: 683px) 100vw, 683px\" \/><\/a><\/figure><\/li><\/ul>\n\n\n\n<p>Zum Beginn der Gartensaison pr\u00e4sentieren wir Ihnen hier eine gro\u00dfe Auswahl (weitere Designs folgen in K\u00fcrze) an Fackeln mit den verschiedensten Motiven und Designs. Die Gartenfackeln werden aus massiven Schwarzstahl gefertigt und haben eine Materialst\u00e4rke ab 3 mm. Die Fackeln stehen in einem Stahlrohr (ca. 130 cm lang) zum aufstellen (einrammen) ins Erdreich. Befeuert werden Sie mit einer Toilettenpapierrolle, getr\u00e4nkt in Raps oder Wachs (Brenndauer ca. 90 min, erh\u00e4ltlich bei uns).<br><br>Ob Hirsche, Rehbock, Auerhahn usw. f\u00fcr Naturfreunde, Pferdefackeln f\u00fcr Pferdeliebhaber oder Fackeln in Motorradoptik. Sternzeichen, liebevoll gestaltete Eulen, schlichte Motive wie Lilien, Mond und Sterne, K\u00fcstenmotive und vieles mehr sind vertreten. Ob Sie nun f\u00fcr sich eine neue Gartenfackel oder ein ausgefallenes Geschenk f\u00fcr Ihre Liebsten ben\u00f6tigen, diese Motive verzaubern mit ihrer Optik und dem rustikalen Design jeden Garten und verz\u00fccken mit einem sch\u00f6nen Gartenfeuer. <br>Alle Artikel k\u00f6nnen Sie bei uns im Gesch\u00e4ft kaufen oder vorbestellen.<br><br>Gerne stehen wir Ihnen f\u00fcr Fragen zur Verf\u00fcgung. Die Sicherheitshinweise finden Sie im weiteren Verlauf:<br><br>Beispielhaft f\u00fcr die Fackeln und Feuerstellen finden Sie hier Videos.<br><\/p>\n\n\n\n<figure class=\"wp-block-video\"><video controls src=\"http:\/\/www.babsys.de\/wp-content\/uploads\/2020\/04\/Messe-Video.mp4\"><\/video><\/figure>\n\n\n\n<p>Diese Feuerstelle wurde ganz im Stil der franz\u00f6sischen Lilie gebaut. Umlaufend wurden drei gro\u00dfe Lilien angeordnet. Im unteren Bereich der Feuers\u00e4ule finden Sie eine in die T\u00fcr eingearbeitete kleinere Lilie sowie Flammenausschnitte, die zus\u00e4tzlich als Luftl\u00f6cher dienen. Die Feuerstellen sind von beiden Seiten wundersch\u00f6n anzuschauen.<\/p>\n\n\n\n<p>Bitte beachten Sie!<br><br>Diese Produkte sind kein Spielzeug und sollten vor Kindern ferngehalten werden. Lassen Sie das Feuer und die Glut nie unbeaufsichtigt denn Holzfeuer kann Funkenflug verursachen. Die Windverh\u00e4ltnisse sind entsprechend zu beachten. Die brenndenden Fackeln (dabei sind auch die Stiele zu beachten) und Feuerstellen nur mit entsprechendem Schutz ber\u00fchren und befeuern. Es besteht Verbrennungsgefahr. Die brennende gewachste oder in \u00d6l getr\u00e4nkte Toilettenpapierrollen niemals mit Wasser l\u00f6schen da Verpuffungsgefahr besteht. L\u00f6schen Sie das Feuer durch Ersticken (z. B. Sand oder L\u00f6schdecke). Verwenden Sie kein impr\u00e4gniertes und\/oder gestrichenes Holz, Laminat oder \u00e4hnliches. Hier k\u00f6nnen gef\u00e4hrliche (giftig, \u00e4tzend) D\u00e4mpfe entstehen. Bitte beachten Sie die \u00f6rtlichen Begebenheiten.<\/p>\n\n\n\n<p>Der Untergrund\/Aufstellfl\u00e4che und die unmittelbare Umgebung m\u00fcssen aus nicht brennbaren Materialien bestehen. Gew\u00e4hrleisten Sie unbedingt einen sicheren Stand der Fackeln. Bei Verwendung der Fackelstiele mit Boden achten Sie auf einen ebenen und festen Untergrund um eine Kippgefahr auszuschlie\u00dfen. F\u00fcr alle Produkte gilt: halten Sie ausreichend Abstand zu Personen, Geb\u00e4uden und Pflanzen ein.&nbsp;Achten Sie bitte darauf, dass der Fackelstiel einen ausreichenden Halt im Erdboden hat.<\/p>\n","protected":false},"excerpt":{"rendered":"<p>Neu im Sortiment, Gartenfackeln &amp; Feuerstellen aus stabilem Eisen ca. 3mm Wandst\u00e4rke. Wie alle anderen&nbsp;Fackeln sind diese&nbsp;Fackel&nbsp;mit&nbsp;umlaufenden Motiven&nbsp;versehen. Optimale Befeuerung der Fackeln bieten unsere in Wachs getr\u00e4nkten Papierrollen. Diese brennen ca. (je nach Windst\u00e4rke) 1,5 &#8211; 2,5 Stunden. Um die optimale&nbsp;Brennkraft&nbsp;der Motivfackel&nbsp;zu&nbsp;gew\u00e4hrleisten,&nbsp;ist der untere Fackelrand mit&nbsp;kleinen Bel\u00fcftungsluftl\u00f6chern versehen. Diese&nbsp;bewirken eine&nbsp;bestm\u00f6gliche Bel\u00fcftung und&nbsp;lassen&nbsp;folglich&nbsp;eine wundersch\u00f6ne Abendstimmung&nbsp;durch ein&nbsp;beruhigendes [&hellip;]<\/p>\n","protected":false},"author":1,"featured_media":0,"parent":0,"menu_order":0,"comment_status":"closed","ping_status":"closed","template":"","meta":{"footnotes":""},"class_list":["post-728","page","type-page","status-publish"],"_links":{"self":[{"href":"https:\/\/www.babsys.de\/index.php?rest_route=\/wp\/v2\/pages\/728","targetHints":{"allow":["GET"]}}],"collection":[{"href":"https:\/\/www.babsys.de\/index.php?rest_route=\/wp\/v2\/pages"}],"about":[{"href":"https:\/\/www.babsys.de\/index.php?rest_route=\/wp\/v2\/types\/page"}],"author":[{"embeddable":true,"href":"https:\/\/www.babsys.de\/index.php?rest_route=\/wp\/v2\/users\/1"}],"replies":[{"embeddable":true,"href":"https:\/\/www.babsys.de\/index.php?rest_route=%2Fwp%2Fv2%2Fcomments&post=728"}],"version-history":[{"count":30,"href":"https:\/\/www.babsys.de\/index.php?rest_route=\/wp\/v2\/pages\/728\/revisions"}],"predecessor-version":[{"id":1162,"href":"https:\/\/www.babsys.de\/index.php?rest_route=\/wp\/v2\/pages\/728\/revisions\/1162"}],"wp:attachment":[{"href":"https:\/\/www.babsys.de\/index.php?rest_route=%2Fwp%2Fv2%2Fmedia&parent=728"}],"curies":[{"name":"wp","href":"https:\/\/api.w.org\/{rel}","templated":true}]}}