{"id":798,"date":"2020-04-27T14:31:33","date_gmt":"2020-04-27T12:31:33","guid":{"rendered":"http:\/\/www.babsys.de\/?page_id=798"},"modified":"2020-04-27T14:49:16","modified_gmt":"2020-04-27T12:49:16","slug":"dschungel","status":"publish","type":"page","link":"https:\/\/www.babsys.de\/?page_id=798","title":{"rendered":"Dschungel"},"content":{"rendered":"\n<p>Ganz aktuell ist der neue Trend Urban Dschungel. Mit vielen M\u00f6glichkeiten sich von diesem neuen erfrischendem Thema inspirieren zu lassen, finden Sie bei Babsys Blumen &amp; Floristik viele Pflanzen, Blumen und  Dekorationen. Auch aussergew\u00f6hnliche und einzigartige Einrichtungsgegenst\u00e4nde aus unserer Kollektion Unikat und Echt Antik sind brandaktuell f\u00fcr Sie greifbar.  <\/p>\n\n\n\n<ul class=\"wp-block-gallery columns-3 is-cropped wp-block-gallery-1 is-layout-flex wp-block-gallery-is-layout-flex\"><li class=\"blocks-gallery-item\"><figure><img loading=\"lazy\" decoding=\"async\" width=\"1024\" height=\"768\" src=\"https:\/\/www.babsys.de\/wp-content\/uploads\/2020\/04\/IMG_1126-1024x768.jpg\" alt=\"\" data-id=\"802\" data-link=\"https:\/\/www.babsys.de\/?attachment_id=802\" class=\"wp-image-802\" srcset=\"https:\/\/www.babsys.de\/wp-content\/uploads\/2020\/04\/IMG_1126-1024x768.jpg 1024w, https:\/\/www.babsys.de\/wp-content\/uploads\/2020\/04\/IMG_1126-300x225.jpg 300w, https:\/\/www.babsys.de\/wp-content\/uploads\/2020\/04\/IMG_1126-768x576.jpg 768w\" sizes=\"auto, (max-width: 1024px) 100vw, 1024px\" \/><\/figure><\/li><li class=\"blocks-gallery-item\"><figure><img loading=\"lazy\" decoding=\"async\" width=\"1024\" height=\"768\" src=\"https:\/\/www.babsys.de\/wp-content\/uploads\/2020\/04\/IMG_1127-1024x768.jpg\" alt=\"\" data-id=\"803\" data-link=\"https:\/\/www.babsys.de\/?attachment_id=803\" class=\"wp-image-803\" srcset=\"https:\/\/www.babsys.de\/wp-content\/uploads\/2020\/04\/IMG_1127-1024x768.jpg 1024w, https:\/\/www.babsys.de\/wp-content\/uploads\/2020\/04\/IMG_1127-300x225.jpg 300w, https:\/\/www.babsys.de\/wp-content\/uploads\/2020\/04\/IMG_1127-768x576.jpg 768w\" sizes=\"auto, (max-width: 1024px) 100vw, 1024px\" \/><\/figure><\/li><li class=\"blocks-gallery-item\"><figure><img loading=\"lazy\" decoding=\"async\" width=\"1024\" height=\"768\" src=\"https:\/\/www.babsys.de\/wp-content\/uploads\/2020\/04\/IMG_1128-1024x768.jpg\" alt=\"\" data-id=\"804\" data-link=\"https:\/\/www.babsys.de\/?attachment_id=804\" class=\"wp-image-804\" srcset=\"https:\/\/www.babsys.de\/wp-content\/uploads\/2020\/04\/IMG_1128-1024x768.jpg 1024w, https:\/\/www.babsys.de\/wp-content\/uploads\/2020\/04\/IMG_1128-300x225.jpg 300w, https:\/\/www.babsys.de\/wp-content\/uploads\/2020\/04\/IMG_1128-768x576.jpg 768w\" sizes=\"auto, (max-width: 1024px) 100vw, 1024px\" \/><\/figure><\/li><li class=\"blocks-gallery-item\"><figure><img loading=\"lazy\" decoding=\"async\" width=\"1024\" height=\"768\" src=\"https:\/\/www.babsys.de\/wp-content\/uploads\/2020\/04\/IMG_1129-1024x768.jpg\" alt=\"\" data-id=\"805\" data-link=\"https:\/\/www.babsys.de\/?attachment_id=805\" class=\"wp-image-805\" srcset=\"https:\/\/www.babsys.de\/wp-content\/uploads\/2020\/04\/IMG_1129-1024x768.jpg 1024w, https:\/\/www.babsys.de\/wp-content\/uploads\/2020\/04\/IMG_1129-300x225.jpg 300w, https:\/\/www.babsys.de\/wp-content\/uploads\/2020\/04\/IMG_1129-768x576.jpg 768w\" sizes=\"auto, (max-width: 1024px) 100vw, 1024px\" \/><\/figure><\/li><li class=\"blocks-gallery-item\"><figure><img loading=\"lazy\" decoding=\"async\" width=\"1024\" height=\"768\" src=\"https:\/\/www.babsys.de\/wp-content\/uploads\/2020\/04\/IMG_1130-1024x768.jpg\" alt=\"\" data-id=\"806\" data-link=\"https:\/\/www.babsys.de\/?attachment_id=806\" class=\"wp-image-806\" srcset=\"https:\/\/www.babsys.de\/wp-content\/uploads\/2020\/04\/IMG_1130-1024x768.jpg 1024w, https:\/\/www.babsys.de\/wp-content\/uploads\/2020\/04\/IMG_1130-300x225.jpg 300w, https:\/\/www.babsys.de\/wp-content\/uploads\/2020\/04\/IMG_1130-768x576.jpg 768w\" sizes=\"auto, (max-width: 1024px) 100vw, 1024px\" \/><\/figure><\/li><li class=\"blocks-gallery-item\"><figure><img loading=\"lazy\" decoding=\"async\" width=\"1024\" height=\"768\" src=\"https:\/\/www.babsys.de\/wp-content\/uploads\/2020\/04\/IMG_1131-1024x768.jpg\" alt=\"\" data-id=\"807\" data-link=\"https:\/\/www.babsys.de\/?attachment_id=807\" class=\"wp-image-807\" srcset=\"https:\/\/www.babsys.de\/wp-content\/uploads\/2020\/04\/IMG_1131-1024x768.jpg 1024w, https:\/\/www.babsys.de\/wp-content\/uploads\/2020\/04\/IMG_1131-300x225.jpg 300w, https:\/\/www.babsys.de\/wp-content\/uploads\/2020\/04\/IMG_1131-768x576.jpg 768w\" sizes=\"auto, (max-width: 1024px) 100vw, 1024px\" \/><\/figure><\/li><li class=\"blocks-gallery-item\"><figure><img loading=\"lazy\" decoding=\"async\" width=\"1024\" height=\"768\" src=\"https:\/\/www.babsys.de\/wp-content\/uploads\/2020\/04\/IMG_1132-1024x768.jpg\" alt=\"\" data-id=\"808\" data-link=\"https:\/\/www.babsys.de\/?attachment_id=808\" class=\"wp-image-808\" srcset=\"https:\/\/www.babsys.de\/wp-content\/uploads\/2020\/04\/IMG_1132-1024x768.jpg 1024w, https:\/\/www.babsys.de\/wp-content\/uploads\/2020\/04\/IMG_1132-300x225.jpg 300w, https:\/\/www.babsys.de\/wp-content\/uploads\/2020\/04\/IMG_1132-768x576.jpg 768w\" sizes=\"auto, (max-width: 1024px) 100vw, 1024px\" \/><\/figure><\/li><li class=\"blocks-gallery-item\"><figure><img loading=\"lazy\" decoding=\"async\" width=\"1024\" height=\"768\" src=\"https:\/\/www.babsys.de\/wp-content\/uploads\/2020\/04\/IMG_1133-1024x768.jpg\" alt=\"\" data-id=\"809\" data-link=\"https:\/\/www.babsys.de\/?attachment_id=809\" class=\"wp-image-809\" srcset=\"https:\/\/www.babsys.de\/wp-content\/uploads\/2020\/04\/IMG_1133-1024x768.jpg 1024w, https:\/\/www.babsys.de\/wp-content\/uploads\/2020\/04\/IMG_1133-300x225.jpg 300w, https:\/\/www.babsys.de\/wp-content\/uploads\/2020\/04\/IMG_1133-768x576.jpg 768w\" sizes=\"auto, (max-width: 1024px) 100vw, 1024px\" \/><\/figure><\/li><li class=\"blocks-gallery-item\"><figure><img loading=\"lazy\" decoding=\"async\" width=\"1024\" height=\"768\" src=\"https:\/\/www.babsys.de\/wp-content\/uploads\/2020\/04\/IMG_1134-1024x768.jpg\" alt=\"\" data-id=\"810\" data-link=\"https:\/\/www.babsys.de\/?attachment_id=810\" class=\"wp-image-810\" srcset=\"https:\/\/www.babsys.de\/wp-content\/uploads\/2020\/04\/IMG_1134-1024x768.jpg 1024w, https:\/\/www.babsys.de\/wp-content\/uploads\/2020\/04\/IMG_1134-300x225.jpg 300w, https:\/\/www.babsys.de\/wp-content\/uploads\/2020\/04\/IMG_1134-768x576.jpg 768w\" sizes=\"auto, (max-width: 1024px) 100vw, 1024px\" \/><\/figure><\/li><li class=\"blocks-gallery-item\"><figure><img loading=\"lazy\" decoding=\"async\" width=\"1024\" height=\"768\" src=\"https:\/\/www.babsys.de\/wp-content\/uploads\/2020\/04\/IMG_1135-1024x768.jpg\" alt=\"\" data-id=\"811\" data-link=\"https:\/\/www.babsys.de\/?attachment_id=811\" class=\"wp-image-811\" srcset=\"https:\/\/www.babsys.de\/wp-content\/uploads\/2020\/04\/IMG_1135-1024x768.jpg 1024w, https:\/\/www.babsys.de\/wp-content\/uploads\/2020\/04\/IMG_1135-300x225.jpg 300w, https:\/\/www.babsys.de\/wp-content\/uploads\/2020\/04\/IMG_1135-768x576.jpg 768w\" sizes=\"auto, (max-width: 1024px) 100vw, 1024px\" \/><\/figure><\/li><li class=\"blocks-gallery-item\"><figure><img loading=\"lazy\" decoding=\"async\" width=\"1024\" height=\"768\" src=\"https:\/\/www.babsys.de\/wp-content\/uploads\/2020\/04\/IMG_1214-1024x768.jpg\" alt=\"\" data-id=\"812\" data-link=\"https:\/\/www.babsys.de\/?attachment_id=812\" class=\"wp-image-812\" srcset=\"https:\/\/www.babsys.de\/wp-content\/uploads\/2020\/04\/IMG_1214-1024x768.jpg 1024w, https:\/\/www.babsys.de\/wp-content\/uploads\/2020\/04\/IMG_1214-300x225.jpg 300w, https:\/\/www.babsys.de\/wp-content\/uploads\/2020\/04\/IMG_1214-768x576.jpg 768w\" sizes=\"auto, (max-width: 1024px) 100vw, 1024px\" \/><\/figure><\/li><\/ul>\n","protected":false},"excerpt":{"rendered":"<p>Ganz aktuell ist der neue Trend Urban Dschungel. Mit vielen M\u00f6glichkeiten sich von diesem neuen erfrischendem Thema inspirieren zu lassen, finden Sie bei Babsys Blumen &amp; Floristik viele Pflanzen, Blumen und Dekorationen. Auch aussergew\u00f6hnliche und einzigartige Einrichtungsgegenst\u00e4nde aus unserer Kollektion Unikat und Echt Antik sind brandaktuell f\u00fcr Sie greifbar.<\/p>\n","protected":false},"author":2,"featured_media":0,"parent":0,"menu_order":0,"comment_status":"closed","ping_status":"closed","template":"","meta":{"footnotes":""},"class_list":["post-798","page","type-page","status-publish"],"_links":{"self":[{"href":"https:\/\/www.babsys.de\/index.php?rest_route=\/wp\/v2\/pages\/798","targetHints":{"allow":["GET"]}}],"collection":[{"href":"https:\/\/www.babsys.de\/index.php?rest_route=\/wp\/v2\/pages"}],"about":[{"href":"https:\/\/www.babsys.de\/index.php?rest_route=\/wp\/v2\/types\/page"}],"author":[{"embeddable":true,"href":"https:\/\/www.babsys.de\/index.php?rest_route=\/wp\/v2\/users\/2"}],"replies":[{"embeddable":true,"href":"https:\/\/www.babsys.de\/index.php?rest_route=%2Fwp%2Fv2%2Fcomments&post=798"}],"version-history":[{"count":2,"href":"https:\/\/www.babsys.de\/index.php?rest_route=\/wp\/v2\/pages\/798\/revisions"}],"predecessor-version":[{"id":814,"href":"https:\/\/www.babsys.de\/index.php?rest_route=\/wp\/v2\/pages\/798\/revisions\/814"}],"wp:attachment":[{"href":"https:\/\/www.babsys.de\/index.php?rest_route=%2Fwp%2Fv2%2Fmedia&parent=798"}],"curies":[{"name":"wp","href":"https:\/\/api.w.org\/{rel}","templated":true}]}}